{"id":2,"date":"2023-07-13T12:21:49","date_gmt":"2023-07-13T11:21:49","guid":{"rendered":"https:\/\/www.taxicostasotogrande.com\/?page_id=2"},"modified":"2025-10-08T12:08:44","modified_gmt":"2025-10-08T10:08:44","slug":"home","status":"publish","type":"page","link":"https:\/\/taxicostasotogrande.com\/es\/","title":{"rendered":"\u00a1Hola!"},"content":{"rendered":"<div class=\"col-sm-12 col-md-6 col-lg-6 col-xl-6\">\n<h2 class=\"wow fadeIn\">Bienvenidos a Taxi Costa Sotogrande<\/h2>\n<p class=\"wow fadeIn\" data-wow-delay=\".4s\">Somos tu soluci\u00f3n confiable y r\u00e1pida de transporte para viajes dentro de Sotogrande, San Roque y aeropuertos. Con nuestro servicio excepcional, garantizamos viajes confiables y puntuales, ya sea que est\u00e9s explorando el \u00e1rea local o necesites traslados al aeropuerto. Experimenta tranquilidad sabiendo que nuestro equipo dedicado est\u00e1 aqu\u00ed para brindarte servicios de transporte eficientes y confiables.<\/p>\n<p><a class=\"button button-lg button-primary button-raven wow fadeIn\" href=\"tel:+34643642991\" data-wow-delay=\".6s\">Reserva tu viaje<\/a><\/p>\n<\/div>\n<div class=\"col-sm-12 col-md-6 col-lg-6 col-xl-6\"><img decoding=\"async\" class=\"taxi-img\" src=\"https:\/\/taxicostasotogrande.com\/wp-content\/uploads\/2023\/07\/tax-car.jpg\" alt=\"\" width=\"100%\" height=\"auto\" \/><\/div>\n","protected":false},"excerpt":{"rendered":"<p>Bienvenidos a Taxi Costa Sotogrande Somos tu soluci\u00f3n confiable y r\u00e1pida de transporte para viajes dentro de Sotogrande, San Roque y aeropuertos. Con nuestro servicio excepcional, garantizamos viajes confiables y puntuales, ya sea que est\u00e9s explorando el \u00e1rea local o necesites traslados al aeropuerto. Experimenta tranquilidad sabiendo que nuestro equipo dedicado est\u00e1 aqu\u00ed para brindarte&hellip; <a class=\"more-link\" href=\"https:\/\/taxicostasotogrande.com\/es\/\">Continue reading <span class=\"screen-reader-text\">\u00a1Hola!<\/span><\/a><\/p>\n","protected":false},"author":1,"featured_media":0,"parent":0,"menu_order":0,"comment_status":"closed","ping_status":"open","template":"template-parts\/home-page-template.php","meta":{"_acf_changed":false,"_joinchat":[],"footnotes":""},"class_list":["post-2","page","type-page","status-publish","hentry","entry"],"translation":{"provider":"WPGlobus","version":"3.0.0","language":"es","enabled_languages":["en","es"],"languages":{"en":{"title":true,"content":true,"excerpt":false},"es":{"title":true,"content":true,"excerpt":false}}},"acf":[],"_links":{"self":[{"href":"https:\/\/taxicostasotogrande.com\/es\/wp-json\/wp\/v2\/pages\/2","targetHints":{"allow":["GET"]}}],"collection":[{"href":"https:\/\/taxicostasotogrande.com\/es\/wp-json\/wp\/v2\/pages"}],"about":[{"href":"https:\/\/taxicostasotogrande.com\/es\/wp-json\/wp\/v2\/types\/page"}],"author":[{"embeddable":true,"href":"https:\/\/taxicostasotogrande.com\/es\/wp-json\/wp\/v2\/users\/1"}],"replies":[{"embeddable":true,"href":"https:\/\/taxicostasotogrande.com\/es\/wp-json\/wp\/v2\/comments?post=2"}],"version-history":[{"count":50,"href":"https:\/\/taxicostasotogrande.com\/es\/wp-json\/wp\/v2\/pages\/2\/revisions"}],"predecessor-version":[{"id":160,"href":"https:\/\/taxicostasotogrande.com\/es\/wp-json\/wp\/v2\/pages\/2\/revisions\/160"}],"wp:attachment":[{"href":"https:\/\/taxicostasotogrande.com\/es\/wp-json\/wp\/v2\/media?parent=2"}],"curies":[{"name":"wp","href":"https:\/\/api.w.org\/{rel}","templated":true}]}}